{"id":16,"date":"2025-10-13T17:18:45","date_gmt":"2025-10-13T15:18:45","guid":{"rendered":"https:\/\/ve.juq.cc\/?page_id=16"},"modified":"2026-04-07T10:12:45","modified_gmt":"2026-04-07T08:12:45","slug":"about","status":"publish","type":"page","link":"https:\/\/ve.juq.cc\/en\/about\/","title":{"rendered":"About"},"content":{"rendered":"<div class=\"et_pb_section_0 et_pb_section et_section_regular et_block_section preset--module--divi-section--52dcc98b-3eaf-44a7-aec3-7b5ed6622b70\">\n<div class=\"et_pb_row_0 et_pb_row et_block_row\">\n<div class=\"et_pb_column_0 et_pb_column et_pb_column_4_4 et-last-child et_block_column et_pb_css_mix_blend_mode_passthrough\">\n<div class=\"et_pb_heading_0 et_pb_heading et_pb_module et_block_module preset--module--divi-heading--f24a1bdf-5898-4ad2-b93e-5f7f66703bda\"><div class=\"et_pb_heading_container\"><h1 class=\"et_pb_module_header\">About us<\/h1><\/div><\/div>\n<\/div>\n<\/div>\n<\/div>\n\n<div class=\"et_pb_section_1 et_pb_section et_section_regular et_block_section\">\n<div class=\"et_pb_row_1 et_pb_row et_block_row\">\n<div class=\"et_pb_column_1 et_pb_column et_pb_column_4_4 et-last-child et_block_column et_pb_css_mix_blend_mode_passthrough\">\n<div class=\"et_pb_image_0 et_pb_image et_pb_module et_block_module\"><span class=\"et_pb_image_wrap\"><img loading=\"lazy\" decoding=\"async\" src=\"https:\/\/ve.juq.cc\/wp-content\/uploads\/2025\/10\/53596866.jpg\" width=\"403\" height=\"500\" srcset=\"https:\/\/ve.juq.cc\/wp-content\/uploads\/2025\/10\/53596866.jpg 403w, https:\/\/ve.juq.cc\/wp-content\/uploads\/2025\/10\/53596866-242x300.jpg 242w\" sizes=\"(max-width: 403px) 100vw, 403px\" class=\"wp-image-135\" title=\"53596866\" \/><\/span><\/div>\n\n<div class=\"et_pb_heading_1 et_pb_heading et_pb_module et_block_module preset--module--divi-heading--8860c555-f562-42cb-8f78-fe39bc6d3cf1\"><div class=\"et_pb_heading_container\"><h4 class=\"et_pb_module_header\">Vienna experience<\/h4><\/div><\/div>\n\n<div class=\"et_pb_text_0 et_pb_text et_pb_bg_layout_light et_pb_module et_block_module et_pb_text_align_center preset--module--divi-text--default\"><div class=\"et_pb_text_inner\"><p><span style=\"font-family: Times New Roman, serif;\"><span style=\"font-size: medium;\">Vienna Experience ist ein kleines Apartmenthotel in Wien-Ottakring mit sieben individuellen Wohnungen. Seit Februar 2026 empfangen wir G\u00e4ste in einem vollst\u00e4ndig renovierten Gr\u00fcnderzeithaus. <\/span><\/span><span style=\"font-family: Times New Roman, serif;\"><span style=\"font-size: medium;\">Das Haus bietet Apartments in verschiedenen Gr\u00f6\u00dfen und Lagen \u2013 vom Erdgeschoss mit privatem Garten bis zu Wohnungen mit Balkon im ersten Obergeschoss. Alle Einheiten sind mit moderner Klimatisierung ausgestattet, betrieben \u00fcber eine hauseigene Erdw\u00e4rmepumpe. <\/span><\/span><span style=\"font-family: Times New Roman, serif;\"><span style=\"font-size: medium;\">Vienna Experience richtet sich an Reisende, die in Wien eine komfortable, private Unterkunft mit pers\u00f6nlichem Service suchen \u2013 als Alternative zum anonymen Hotelbetrieb. <\/span><\/span><span style=\"font-family: Times New Roman, serif;\"><span style=\"font-size: medium;\">Direktbuchungen sind \u00fcber diese Website m\u00f6glich \u2013 einfach, unkompliziert und zu g\u00fcnstigeren Konditionen als auf den gro\u00dfen Buchungsplattformen.<\/span><\/span><\/p>\n<\/div><\/div>\n<\/div>\n<\/div>\n\n<div class=\"et_pb_row_2 et_pb_row et_pb_gutters1 et_grid_row preset--module--divi-row--2929c11c-a2ed-4420-9738-daa1068942d3\">\n<div class=\"et_pb_column_2 et_pb_column et_block_column et_pb_css_mix_blend_mode_passthrough\">\n<div class=\"et_pb_image_1 et_pb_image et_pb_module et_flex_module\"><span class=\"et_pb_image_wrap\"><img loading=\"lazy\" decoding=\"async\" src=\"https:\/\/ve.juq.cc\/wp-content\/uploads\/2026\/02\/Herrnegger-DSCF9229-1.jpg\" alt=\"Bild von Einem Wohnzimmer\" title=\"Herrnegger-DSCF9229\" width=\"2400\" height=\"1600\" srcset=\"https:\/\/ve.juq.cc\/wp-content\/uploads\/2026\/02\/Herrnegger-DSCF9229-1.jpg 2400w, https:\/\/ve.juq.cc\/wp-content\/uploads\/2026\/02\/Herrnegger-DSCF9229-1-1280x853.jpg 1280w, https:\/\/ve.juq.cc\/wp-content\/uploads\/2026\/02\/Herrnegger-DSCF9229-1-980x653.jpg 980w, https:\/\/ve.juq.cc\/wp-content\/uploads\/2026\/02\/Herrnegger-DSCF9229-1-480x320.jpg 480w\" sizes=\"(min-width: 0px) and (max-width: 480px) 480px, (min-width: 481px) and (max-width: 980px) 980px, (min-width: 981px) and (max-width: 1280px) 1280px, (min-width: 1281px) 2400px, 100vw\" class=\"wp-image-403\" \/><\/span><\/div>\n<\/div>\n\n<div class=\"et_pb_column_3 et_pb_column et-last-child et_block_column et_pb_css_mix_blend_mode_passthrough preset--module--divi-column--160ab5fa-594f-4f37-baed-39841174acd0\">\n<div class=\"et_pb_heading_2 et_pb_heading et_pb_module et_block_module preset--module--divi-heading--137d4019-cabd-4acf-a947-690e79b5df29\"><div class=\"et_pb_heading_container\"><h3 class=\"et_pb_module_header\">Unterkunftsinformationen<\/h3><\/div><\/div>\n\n<div class=\"et_pb_text_1 et_pb_text et_pb_bg_layout_light et_pb_module et_block_module preset--module--divi-text--default\"><div class=\"et_pb_text_inner\"><p>Unsere Apartments sind voll ausgestattet: Ofen, Herd, Mikrowelle, Kaffeemaschine, K\u00fchlschrank, Waschmaschine, B\u00fcgelbrett, B\u00fcgeleisen, W\u00e4schest\u00e4nder sind in jedem Apartment vorhanden. Bettw\u00e4sche und Handt\u00fccher werden selbstverst\u00e4ndlich von uns zur Verf\u00fcgung gestellt. Bei Bedarf kann auf Anfrage ein Babybett bereitgestellt werden. Falls Sie Fragen zu unseren Ausstattungen haben geben wir gerne Auskunft. Ihr Vienna Experience Team<\/p>\n<\/div><\/div>\n<\/div>\n<\/div>\n\n<div class=\"et_pb_row_3 et_pb_row et_pb_gutters1 et_grid_row preset--module--divi-row--2929c11c-a2ed-4420-9738-daa1068942d3\">\n<div class=\"et_pb_column_4 et_pb_column et_block_column et_pb_css_mix_blend_mode_passthrough\">\n<div class=\"et_pb_image_2 et_pb_image et_pb_module et_flex_module\"><span class=\"et_pb_image_wrap\"><img loading=\"lazy\" decoding=\"async\" src=\"https:\/\/ve.juq.cc\/wp-content\/uploads\/2026\/02\/Herrnegger-DSCF9229-1.jpg\" alt=\"Bild von Einem Wohnzimmer\" title=\"Herrnegger-DSCF9229\" width=\"2400\" height=\"1600\" srcset=\"https:\/\/ve.juq.cc\/wp-content\/uploads\/2026\/02\/Herrnegger-DSCF9229-1.jpg 2400w, https:\/\/ve.juq.cc\/wp-content\/uploads\/2026\/02\/Herrnegger-DSCF9229-1-1280x853.jpg 1280w, https:\/\/ve.juq.cc\/wp-content\/uploads\/2026\/02\/Herrnegger-DSCF9229-1-980x653.jpg 980w, https:\/\/ve.juq.cc\/wp-content\/uploads\/2026\/02\/Herrnegger-DSCF9229-1-480x320.jpg 480w\" sizes=\"(min-width: 0px) and (max-width: 480px) 480px, (min-width: 481px) and (max-width: 980px) 980px, (min-width: 981px) and (max-width: 1280px) 1280px, (min-width: 1281px) 2400px, 100vw\" class=\"wp-image-403\" \/><\/span><\/div>\n<\/div>\n\n<div class=\"et_pb_column_5 et_pb_column et-last-child et_block_column et_pb_css_mix_blend_mode_passthrough preset--module--divi-column--160ab5fa-594f-4f37-baed-39841174acd0\">\n<div class=\"et_pb_heading_3 et_pb_heading et_pb_module et_block_module preset--module--divi-heading--137d4019-cabd-4acf-a947-690e79b5df29\"><div class=\"et_pb_heading_container\"><h3 class=\"et_pb_module_header\">Unterkunftsinformationen<\/h3><\/div><\/div>\n\n<div class=\"et_pb_text_2 et_pb_text et_pb_bg_layout_light et_pb_module et_block_module preset--module--divi-text--default\"><div class=\"et_pb_text_inner\"><p>Unsere Apartments sind voll ausgestattet: Ofen, Herd, Mikrowelle, Kaffeemaschine, K\u00fchlschrank, Waschmaschine, B\u00fcgelbrett, B\u00fcgeleisen, W\u00e4schest\u00e4nder sind in jedem Apartment vorhanden. Bettw\u00e4sche und Handt\u00fccher werden selbstverst\u00e4ndlich von uns zur Verf\u00fcgung gestellt. Bei Bedarf kann auf Anfrage ein Babybett bereitgestellt werden. Falls Sie Fragen zu unseren Ausstattungen haben geben wir gerne Auskunft. Ihr Vienna Experience Team<\/p>\n<\/div><\/div>\n<\/div>\n<\/div>\n\n<div class=\"et_pb_row_4 et_pb_row et_pb_gutters1 et_grid_row preset--module--divi-row--2929c11c-a2ed-4420-9738-daa1068942d3\">\n<div class=\"et_pb_column_6 et_pb_column et_block_column et_pb_css_mix_blend_mode_passthrough preset--module--divi-column--160ab5fa-594f-4f37-baed-39841174acd0\">\n<div class=\"et_pb_heading_4 et_pb_heading et_pb_module et_block_module preset--module--divi-heading--137d4019-cabd-4acf-a947-690e79b5df29\"><div class=\"et_pb_heading_container\"><h3 class=\"et_pb_module_header\">Service, dem man vertrauen kann.<\/h3><\/div><\/div>\n\n<div class=\"et_pb_text_3 et_pb_text et_pb_bg_layout_light et_pb_module et_block_module preset--module--divi-text--default\"><div class=\"et_pb_text_inner\"><p data-start=\"154\" data-end=\"390\">Wir verf\u00fcgen \u00fcber langj\u00e4hrige Erfahrung darin, Unternehmen und ihre Mitarbeiter bei der Suche nach dem passenden Zuhause auf Zeit zu unterst\u00fctzen. \u00dcber unsere Website k\u00f6nnen Sie Ihren Aufenthalt schnell, unkompliziert und sicher buchen.<\/p>\n<p data-start=\"292\" data-end=\"553\">Dank unseres einfachen Self-Check-in-Systems sind Sie besonders flexibel: Die Anreise ist ab 14:00 Uhr jederzeit m\u00f6glich \u2013 ganz so, wie es am besten in Ihren Zeitplan passt. Alle wichtigen Informationen erhalten Sie direkt nach Eingang Ihrer Buchung per E-Mail.<\/p>\n<p data-start=\"555\" data-end=\"816\">S\u00e4mtliche Mietbedingungen sind im Mietvertrag klar und transparent geregelt. Auf Wunsch stellen wir Ihnen gerne auch eine englische \u00dcbersetzung zur Verf\u00fcgung. Falls Sie Fragen zu einzelnen Punkten haben, informieren wir Sie selbstverst\u00e4ndlich gerne ausf\u00fchrlich.<\/p>\n<\/div><\/div>\n<\/div>\n\n<div class=\"et_pb_column_7 et_pb_column et-last-child et_block_column et_pb_css_mix_blend_mode_passthrough\">\n<div class=\"et_pb_image_3 et_pb_image et_pb_module et_flex_module\"><span class=\"et_pb_image_wrap\"><img loading=\"lazy\" decoding=\"async\" src=\"https:\/\/ve.juq.cc\/wp-content\/uploads\/2026\/02\/DSCF0682.jpg\" alt=\"Blume\" title=\"DSCF0682\" width=\"2400\" height=\"1600\" srcset=\"https:\/\/ve.juq.cc\/wp-content\/uploads\/2026\/02\/DSCF0682.jpg 2400w, https:\/\/ve.juq.cc\/wp-content\/uploads\/2026\/02\/DSCF0682-1280x853.jpg 1280w, https:\/\/ve.juq.cc\/wp-content\/uploads\/2026\/02\/DSCF0682-980x653.jpg 980w, https:\/\/ve.juq.cc\/wp-content\/uploads\/2026\/02\/DSCF0682-480x320.jpg 480w\" sizes=\"(min-width: 0px) and (max-width: 480px) 480px, (min-width: 481px) and (max-width: 980px) 980px, (min-width: 981px) and (max-width: 1280px) 1280px, (min-width: 1281px) 2400px, 100vw\" class=\"wp-image-507\" \/><\/span><\/div>\n<\/div>\n<\/div>\n\n<div class=\"et_pb_row_5 et_pb_row et_pb_gutters1 et_grid_row preset--module--divi-row--2929c11c-a2ed-4420-9738-daa1068942d3\">\n<div class=\"et_pb_column_8 et_pb_column et_block_column et_pb_css_mix_blend_mode_passthrough\">\n<div class=\"et_pb_image_4 et_pb_image et_pb_module et_flex_module\"><span class=\"et_pb_image_wrap\"><img loading=\"lazy\" decoding=\"async\" src=\"https:\/\/ve.juq.cc\/wp-content\/uploads\/2026\/02\/DSCF0682.jpg\" alt=\"Blume\" title=\"DSCF0682\" width=\"2400\" height=\"1600\" srcset=\"https:\/\/ve.juq.cc\/wp-content\/uploads\/2026\/02\/DSCF0682.jpg 2400w, https:\/\/ve.juq.cc\/wp-content\/uploads\/2026\/02\/DSCF0682-1280x853.jpg 1280w, https:\/\/ve.juq.cc\/wp-content\/uploads\/2026\/02\/DSCF0682-980x653.jpg 980w, https:\/\/ve.juq.cc\/wp-content\/uploads\/2026\/02\/DSCF0682-480x320.jpg 480w\" sizes=\"(min-width: 0px) and (max-width: 480px) 480px, (min-width: 481px) and (max-width: 980px) 980px, (min-width: 981px) and (max-width: 1280px) 1280px, (min-width: 1281px) 2400px, 100vw\" class=\"wp-image-507\" \/><\/span><\/div>\n<\/div>\n\n<div class=\"et_pb_column_9 et_pb_column et-last-child et_block_column et_pb_css_mix_blend_mode_passthrough preset--module--divi-column--160ab5fa-594f-4f37-baed-39841174acd0\">\n<div class=\"et_pb_heading_5 et_pb_heading et_pb_module et_block_module preset--module--divi-heading--137d4019-cabd-4acf-a947-690e79b5df29\"><div class=\"et_pb_heading_container\"><h3 class=\"et_pb_module_header\">Service, dem man vertrauen kann.<\/h3><\/div><\/div>\n\n<div class=\"et_pb_text_4 et_pb_text et_pb_bg_layout_light et_pb_module et_block_module preset--module--divi-text--default\"><div class=\"et_pb_text_inner\"><p data-start=\"154\" data-end=\"390\">Wir verf\u00fcgen \u00fcber langj\u00e4hrige Erfahrung darin, Unternehmen und ihre Mitarbeiter bei der Suche nach dem passenden Zuhause auf Zeit zu unterst\u00fctzen. \u00dcber unsere Website k\u00f6nnen Sie Ihren Aufenthalt schnell, unkompliziert und sicher buchen.<\/p>\n<p data-start=\"292\" data-end=\"553\">Dank unseres einfachen Self-Check-in-Systems sind Sie besonders flexibel: Die Anreise ist ab 14:00 Uhr jederzeit m\u00f6glich \u2013 ganz so, wie es am besten in Ihren Zeitplan passt. Alle wichtigen Informationen erhalten Sie direkt nach Eingang Ihrer Buchung per E-Mail.<\/p>\n<p data-start=\"555\" data-end=\"816\">S\u00e4mtliche Mietbedingungen sind im Mietvertrag klar und transparent geregelt. Auf Wunsch stellen wir Ihnen gerne auch eine englische \u00dcbersetzung zur Verf\u00fcgung. Falls Sie Fragen zu einzelnen Punkten haben, informieren wir Sie selbstverst\u00e4ndlich gerne ausf\u00fchrlich.<\/p>\n<\/div><\/div>\n<\/div>\n<\/div>\n<\/div>","protected":false},"excerpt":{"rendered":"","protected":false},"author":1,"featured_media":0,"parent":0,"menu_order":0,"comment_status":"closed","ping_status":"closed","template":"","meta":{"footnotes":""},"class_list":["post-16","page","type-page","status-publish","hentry"],"jetpack_sharing_enabled":true,"_links":{"self":[{"href":"https:\/\/ve.juq.cc\/en\/wp-json\/wp\/v2\/pages\/16","targetHints":{"allow":["GET"]}}],"collection":[{"href":"https:\/\/ve.juq.cc\/en\/wp-json\/wp\/v2\/pages"}],"about":[{"href":"https:\/\/ve.juq.cc\/en\/wp-json\/wp\/v2\/types\/page"}],"author":[{"embeddable":true,"href":"https:\/\/ve.juq.cc\/en\/wp-json\/wp\/v2\/users\/1"}],"replies":[{"embeddable":true,"href":"https:\/\/ve.juq.cc\/en\/wp-json\/wp\/v2\/comments?post=16"}],"version-history":[{"count":24,"href":"https:\/\/ve.juq.cc\/en\/wp-json\/wp\/v2\/pages\/16\/revisions"}],"predecessor-version":[{"id":1621,"href":"https:\/\/ve.juq.cc\/en\/wp-json\/wp\/v2\/pages\/16\/revisions\/1621"}],"wp:attachment":[{"href":"https:\/\/ve.juq.cc\/en\/wp-json\/wp\/v2\/media?parent=16"}],"curies":[{"name":"wp","href":"https:\/\/api.w.org\/{rel}","templated":true}]}}