{"id":18,"date":"2025-10-13T17:18:45","date_gmt":"2025-10-13T15:18:45","guid":{"rendered":"https:\/\/ve.juq.cc\/?page_id=18"},"modified":"2026-04-08T10:04:56","modified_gmt":"2026-04-08T08:04:56","slug":"features","status":"publish","type":"page","link":"https:\/\/ve.juq.cc\/en\/features\/","title":{"rendered":"Features"},"content":{"rendered":"<div class=\"et_pb_section_0 et_pb_section et_section_regular et_block_section preset--module--divi-section--52dcc98b-3eaf-44a7-aec3-7b5ed6622b70\">\n<div class=\"et_pb_row_0 et_pb_row et_block_row\">\n<div class=\"et_pb_column_0 et_pb_column et_pb_column_4_4 et-last-child et_block_column et_pb_css_mix_blend_mode_passthrough\">\n<div class=\"et_pb_heading_0 et_pb_heading et_pb_module et_block_module preset--module--divi-heading--f24a1bdf-5898-4ad2-b93e-5f7f66703bda\"><div class=\"et_pb_heading_container\"><h1 class=\"et_pb_module_header\">Appartments<\/h1><\/div><\/div>\n<\/div>\n<\/div>\n<\/div>\n\n<div class=\"et_pb_section_1 et_pb_section et_section_regular et_block_section preset--module--divi-section--52dcc98b-3eaf-44a7-aec3-7b5ed6622b70\">\n<div class=\"et_pb_row_1 et_pb_row et_block_row\">\n<div class=\"et_pb_column_1 et_pb_column et_pb_column_1_3 et_grid_column et_pb_css_mix_blend_mode_passthrough\">\n<div class=\"et_pb_blurb_0 et_pb_blurb et_pb_bg_layout_light et_pb_text_align_center et_pb_blurb_position_top et_pb_module et_block_module preset--module--divi-blurb--default\"><div class=\"et_pb_blurb_content\"><div class=\"et_pb_main_blurb_image\"><span class=\"et_pb_image_wrap\"><span class=\"et-pb-icon et-waypoint et_pb_animation_off et_pb_animation_off_tablet et_pb_animation_off_phone\">\uf2dc<\/span><\/span><\/div><div class=\"et_pb_blurb_container\"><h4 class=\"et_pb_module_header\">Klimaanlage<\/h4><div class=\"et_pb_blurb_description\" data-et-mv-hidden-phone=\"true\"><p>Klimaanlage in jedem Appartement<\/p>\n<\/div><\/div><\/div><\/div>\n\n<div class=\"et_pb_blurb_1 et_pb_blurb et_pb_bg_layout_light et_pb_text_align_center et_pb_blurb_position_top et_pb_module et_block_module preset--module--divi-blurb--default\"><div class=\"et_pb_blurb_content\"><div class=\"et_pb_main_blurb_image\"><span class=\"et_pb_image_wrap\"><span class=\"et-pb-icon et-waypoint et_pb_animation_off et_pb_animation_off_tablet et_pb_animation_off_phone\">\uf1b9<\/span><\/span><\/div><div class=\"et_pb_blurb_container\"><h4 class=\"et_pb_module_header\">Privater Parkplatz<\/h4><div class=\"et_pb_blurb_description\" data-et-mv-hidden-phone=\"true\"><p>Private Parkpl\u00e4tze stehen kostenfrei an der Unterkunft (Reservierung ist erforderlich) zur Verf\u00fcgung.<\/p>\n<\/div><\/div><\/div><\/div>\n\n<div class=\"et_pb_blurb_2 et_pb_blurb et_pb_bg_layout_light et_pb_text_align_center et_pb_blurb_position_top et_pb_module et_block_module preset--module--divi-blurb--default\"><div class=\"et_pb_blurb_content\"><div class=\"et_pb_main_blurb_image\"><span class=\"et_pb_image_wrap\"><span class=\"et-pb-icon et-waypoint et_pb_animation_off et_pb_animation_off_tablet et_pb_animation_off_phone\">\uf7b6<\/span><\/span><\/div><div class=\"et_pb_blurb_container\"><h4 class=\"et_pb_module_header\">Kaffe- & Teezubeh\u00f6r<\/h4><div class=\"et_pb_blurb_description\" data-et-mv-hidden-phone=\"true\"><p>Genie\u00dfen Sie jederzeit eine frische Tasse Kaffee oder Tee im Appartement.<\/p>\n<\/div><\/div><\/div><\/div>\n<\/div>\n\n<div class=\"et_pb_column_2 et_pb_column et_pb_column_1_3 et_grid_column et_pb_css_mix_blend_mode_passthrough\">\n<div class=\"et_pb_blurb_3 et_pb_blurb et_pb_bg_layout_light et_pb_text_align_center et_pb_blurb_position_top et_pb_module et_block_module preset--module--divi-blurb--default\"><div class=\"et_pb_blurb_content\"><div class=\"et_pb_main_blurb_image\"><span class=\"et_pb_image_wrap\"><span class=\"et-pb-icon et-waypoint et_pb_animation_off et_pb_animation_off_tablet et_pb_animation_off_phone\">\uf1eb<\/span><\/span><\/div><div class=\"et_pb_blurb_container\"><h4 class=\"et_pb_module_header\">Internet<\/h4><div class=\"et_pb_blurb_description\" data-et-mv-hidden-phone=\"true\"><p>Schnelles, kostensloses W-LAN (55 Mbit\/s) - ideal f\u00fcr 4K-Streaming, Arbeiten und Videoanrufe<\/p>\n<\/div><\/div><\/div><\/div>\n\n<div class=\"et_pb_blurb_4 et_pb_blurb et_pb_bg_layout_light et_pb_text_align_center et_pb_blurb_position_top et_pb_module et_block_module preset--module--divi-blurb--default\"><div class=\"et_pb_blurb_content\"><div class=\"et_pb_main_blurb_image\"><span class=\"et_pb_image_wrap\"><span class=\"et-pb-icon et-waypoint et_pb_animation_off et_pb_animation_off_tablet et_pb_animation_off_phone\">\uf0f2<\/span><\/span><\/div><div class=\"et_pb_blurb_container\"><h4 class=\"et_pb_module_header\">Gep\u00e4ckaufbewahrung<\/h4><div class=\"et_pb_blurb_description\" data-et-mv-hidden-phone=\"true\"><p>Sichere Aufbewahrung Ihres Gep\u00e4cks vor dem Check-in oder nach dem Check-out.<\/p>\n<\/div><\/div><\/div><\/div>\n\n<div class=\"et_pb_blurb_5 et_pb_blurb et_pb_bg_layout_light et_pb_text_align_center et_pb_blurb_position_top et_pb_module et_block_module preset--module--divi-blurb--default\"><div class=\"et_pb_blurb_content\"><div class=\"et_pb_main_blurb_image\"><span class=\"et_pb_image_wrap\"><span class=\"et-pb-icon et-waypoint et_pb_animation_off et_pb_animation_off_tablet et_pb_animation_off_phone\">\uf553<\/span><\/span><\/div><div class=\"et_pb_blurb_container\"><h4 class=\"et_pb_module_header\">Waschmaschine<\/h4><div class=\"et_pb_blurb_description\" data-et-mv-hidden-phone=\"true\"><p>Waschmaschine verf\u00fcgbar in jedem Appartement<\/p>\n<\/div><\/div><\/div><\/div>\n<\/div>\n\n<div class=\"et_pb_column_3 et_pb_column et_pb_column_1_3 et-last-child et_grid_column et_pb_css_mix_blend_mode_passthrough\">\n<div class=\"et_pb_blurb_6 et_pb_blurb et_pb_bg_layout_light et_pb_text_align_center et_pb_blurb_position_top et_pb_module et_block_module preset--module--divi-blurb--default\"><div class=\"et_pb_blurb_content\"><div class=\"et_pb_main_blurb_image\"><span class=\"et_pb_image_wrap\"><span class=\"et-pb-icon et-waypoint et_pb_animation_off et_pb_animation_off_tablet et_pb_animation_off_phone\">\uf2e7<\/span><\/span><\/div><div class=\"et_pb_blurb_container\"><h4 class=\"et_pb_module_header\">K\u00fcche<\/h4><div class=\"et_pb_blurb_description\" data-et-mv-hidden-phone=\"true\"><p>Voll ausgestattete K\u00fcche<\/p>\n<\/div><\/div><\/div><\/div>\n\n<div class=\"et_pb_blurb_7 et_pb_blurb et_pb_bg_layout_light et_pb_text_align_center et_pb_blurb_position_top et_pb_module et_block_module preset--module--divi-blurb--default\"><div class=\"et_pb_blurb_content\"><div class=\"et_pb_main_blurb_image\"><span class=\"et_pb_image_wrap\"><span class=\"et-pb-icon et-waypoint et_pb_animation_off et_pb_animation_off_tablet et_pb_animation_off_phone\">\uf26c<\/span><\/span><\/div><div class=\"et_pb_blurb_container\"><h4 class=\"et_pb_module_header\">Flachbild TV<\/h4><div class=\"et_pb_blurb_description\" data-et-mv-hidden-phone=\"true\"><p>Unterhaltung und Streaming f\u00fcr entspannte Abende.<\/p>\n<\/div><\/div><\/div><\/div>\n\n<div class=\"et_pb_blurb_8 et_pb_blurb et_pb_bg_layout_light et_pb_text_align_center et_pb_blurb_position_top et_pb_module et_block_module preset--module--divi-blurb--default\"><div class=\"et_pb_blurb_content\"><div class=\"et_pb_main_blurb_image\"><span class=\"et_pb_image_wrap\"><span class=\"et-pb-icon et-waypoint et_pb_animation_off et_pb_animation_off_tablet et_pb_animation_off_phone\">\uf2cd<\/span><\/span><\/div><div class=\"et_pb_blurb_container\"><h4 class=\"et_pb_module_header\">Eigenes Badezimmer<\/h4><div class=\"et_pb_blurb_description\" data-et-mv-hidden-phone=\"true\"><p>Jedes Appartement verf\u00fcgt \u00fcber ein privates Badezimmer mit Handt\u00fcchern und kostenlosen Pflegeprodukten.<\/p>\n<\/div><\/div><\/div><\/div>\n<\/div>\n<\/div>\n<\/div>\n\n<div class=\"et_pb_section_2 et_pb_section et_section_regular et_block_section preset--module--divi-section--52dcc98b-3eaf-44a7-aec3-7b5ed6622b70\">\n<div class=\"et_pb_row_2 et_pb_row et_block_row\">\n<div class=\"et_pb_column_4 et_pb_column et_pb_column_1_3 et_grid_column et_pb_css_mix_blend_mode_passthrough\">\n<div class=\"et_pb_blurb_9 et_pb_blurb et_pb_bg_layout_light et_pb_text_align_center et_pb_blurb_position_top et_pb_module et_block_module preset--module--divi-blurb--default\"><div class=\"et_pb_blurb_content\"><div class=\"et_pb_main_blurb_image\"><span class=\"et_pb_image_wrap\"><span class=\"et-pb-icon et-waypoint et_pb_animation_off et_pb_animation_off_tablet et_pb_animation_off_phone\">\uf2dc<\/span><\/span><\/div><div class=\"et_pb_blurb_container\"><h4 class=\"et_pb_module_header\">Klimaanlage<\/h4><div class=\"et_pb_blurb_description\" data-et-mv-hidden-phone=\"true\"><p>Klimaanlage in jedem Appartement<\/p>\n<\/div><\/div><\/div><\/div>\n\n<div class=\"et_pb_blurb_10 et_pb_blurb et_pb_bg_layout_light et_pb_text_align_center et_pb_blurb_position_top et_pb_module et_block_module preset--module--divi-blurb--default\"><div class=\"et_pb_blurb_content\"><div class=\"et_pb_main_blurb_image\"><span class=\"et_pb_image_wrap\"><span class=\"et-pb-icon et-waypoint et_pb_animation_off et_pb_animation_off_tablet et_pb_animation_off_phone\">\uf1b9<\/span><\/span><\/div><div class=\"et_pb_blurb_container\"><h4 class=\"et_pb_module_header\">Privater Parkplatz<\/h4><div class=\"et_pb_blurb_description\" data-et-mv-hidden-phone=\"true\"><p>Private Parkpl\u00e4tze stehen kostenfrei an der Unterkunft (Reservierung ist erforderlich) zur Verf\u00fcgung.<\/p>\n<\/div><\/div><\/div><\/div>\n\n<div class=\"et_pb_blurb_11 et_pb_blurb et_pb_bg_layout_light et_pb_text_align_center et_pb_blurb_position_top et_pb_module et_block_module preset--module--divi-blurb--default\"><div class=\"et_pb_blurb_content\"><div class=\"et_pb_main_blurb_image\"><span class=\"et_pb_image_wrap\"><span class=\"et-pb-icon et-waypoint et_pb_animation_off et_pb_animation_off_tablet et_pb_animation_off_phone\">\uf7b6<\/span><\/span><\/div><div class=\"et_pb_blurb_container\"><h4 class=\"et_pb_module_header\">Kaffe- & Teezubeh\u00f6r<\/h4><div class=\"et_pb_blurb_description\" data-et-mv-hidden-phone=\"true\"><p>Genie\u00dfen Sie jederzeit eine frische Tasse Kaffee oder Tee im Appartement.<\/p>\n<\/div><\/div><\/div><\/div>\n\n<div class=\"et_pb_blurb_12 et_pb_blurb et_pb_bg_layout_light et_pb_text_align_center et_pb_blurb_position_top et_pb_module et_block_module preset--module--divi-blurb--default\"><div class=\"et_pb_blurb_content\"><div class=\"et_pb_main_blurb_image\"><span class=\"et_pb_image_wrap\"><span class=\"et-pb-icon et-waypoint et_pb_animation_off et_pb_animation_off_tablet et_pb_animation_off_phone\">\uf2e7<\/span><\/span><\/div><div class=\"et_pb_blurb_container\"><h4 class=\"et_pb_module_header\">K\u00fcche<\/h4><div class=\"et_pb_blurb_description\" data-et-mv-hidden-phone=\"true\"><p>Voll ausgestattete K\u00fcche<\/p>\n<\/div><\/div><\/div><\/div>\n<\/div>\n\n<div class=\"et_pb_column_5 et_pb_column et_pb_column_1_3 et_grid_column et_pb_css_mix_blend_mode_passthrough\">\n<div class=\"et_pb_blurb_13 et_pb_blurb et_pb_bg_layout_light et_pb_text_align_center et_pb_blurb_position_top et_pb_module et_block_module preset--module--divi-blurb--default\"><div class=\"et_pb_blurb_content\"><div class=\"et_pb_main_blurb_image\"><span class=\"et_pb_image_wrap\"><span class=\"et-pb-icon et-waypoint et_pb_animation_off et_pb_animation_off_tablet et_pb_animation_off_phone\">\uf1eb<\/span><\/span><\/div><div class=\"et_pb_blurb_container\"><h4 class=\"et_pb_module_header\">Internet<\/h4><div class=\"et_pb_blurb_description\" data-et-mv-hidden-phone=\"true\"><p>Schnelles, kostensloses W-LAN (55 Mbit\/s) - ideal f\u00fcr 4K-Streaming, Arbeiten und Videoanrufe<\/p>\n<\/div><\/div><\/div><\/div>\n\n<div class=\"et_pb_blurb_14 et_pb_blurb et_pb_bg_layout_light et_pb_text_align_center et_pb_blurb_position_top et_pb_module et_block_module preset--module--divi-blurb--default\"><div class=\"et_pb_blurb_content\"><div class=\"et_pb_main_blurb_image\"><span class=\"et_pb_image_wrap\"><span class=\"et-pb-icon et-waypoint et_pb_animation_off et_pb_animation_off_tablet et_pb_animation_off_phone\">\uf2cd<\/span><\/span><\/div><div class=\"et_pb_blurb_container\"><h4 class=\"et_pb_module_header\">Eigenes Badezimmer<\/h4><div class=\"et_pb_blurb_description\" data-et-mv-hidden-phone=\"true\"><p>Jedes Appartement verf\u00fcgt \u00fcber ein privates Badezimmer mit Handt\u00fcchern und kostenlosen Pflegeprodukten.<\/p>\n<\/div><\/div><\/div><\/div>\n<\/div>\n\n<div class=\"et_pb_column_6 et_pb_column et_pb_column_1_3 et_grid_column et_pb_css_mix_blend_mode_passthrough\">\n<div class=\"et_pb_blurb_15 et_pb_blurb et_pb_bg_layout_light et_pb_text_align_center et_pb_blurb_position_top et_pb_module et_block_module preset--module--divi-blurb--default\"><div class=\"et_pb_blurb_content\"><div class=\"et_pb_main_blurb_image\"><span class=\"et_pb_image_wrap\"><span class=\"et-pb-icon et-waypoint et_pb_animation_off et_pb_animation_off_tablet et_pb_animation_off_phone\">\uf0f2<\/span><\/span><\/div><div class=\"et_pb_blurb_container\"><h4 class=\"et_pb_module_header\">Gep\u00e4ckaufbewahrung<\/h4><div class=\"et_pb_blurb_description\" data-et-mv-hidden-phone=\"true\"><p>Sichere Aufbewahrung Ihres Gep\u00e4cks vor dem Check-in oder nach dem Check-out.<\/p>\n<\/div><\/div><\/div><\/div>\n\n<div class=\"et_pb_blurb_16 et_pb_blurb et_pb_bg_layout_light et_pb_text_align_center et_pb_blurb_position_top et_pb_module et_block_module preset--module--divi-blurb--default\"><div class=\"et_pb_blurb_content\"><div class=\"et_pb_main_blurb_image\"><span class=\"et_pb_image_wrap\"><span class=\"et-pb-icon et-waypoint et_pb_animation_off et_pb_animation_off_tablet et_pb_animation_off_phone\">\uf553<\/span><\/span><\/div><div class=\"et_pb_blurb_container\"><h4 class=\"et_pb_module_header\">Waschmaschine<\/h4><div class=\"et_pb_blurb_description\" data-et-mv-hidden-phone=\"true\"><p>Waschmaschine verf\u00fcgbar in jedem Appartement<\/p>\n<\/div><\/div><\/div><\/div>\n<\/div>\n\n<div class=\"et_pb_column_7 et_pb_column et_pb_column_4_4 et-last-child et_flex_column et_pb_css_mix_blend_mode_passthrough\">\n<div class=\"et_pb_blurb_17 et_pb_blurb et_pb_bg_layout_light et_pb_text_align_center et_pb_blurb_position_top et_pb_module et_block_module preset--module--divi-blurb--default\"><div class=\"et_pb_blurb_content\"><div class=\"et_pb_main_blurb_image\"><span class=\"et_pb_image_wrap\"><span class=\"et-pb-icon et-waypoint et_pb_animation_off et_pb_animation_off_tablet et_pb_animation_off_phone\">\uf26c<\/span><\/span><\/div><div class=\"et_pb_blurb_container\"><h4 class=\"et_pb_module_header\">Flachbild TV<\/h4><div class=\"et_pb_blurb_description\" data-et-mv-hidden-phone=\"true\"><p>Unterhaltung und Streaming f\u00fcr entspannte Abende.<\/p>\n<\/div><\/div><\/div><\/div>\n<\/div>\n<\/div>\n<\/div>\n\n<div class=\"et_pb_section_3 et_pb_section et_section_regular et_block_section\">\n<div class=\"et_pb_row_3 et_pb_row et_pb_equal_columns et_pb_gutters2 et_block_row preset--module--divi-row--2929c11c-a2ed-4420-9738-daa1068942d3\">\n<div class=\"et_pb_column_8 et_pb_column et_pb_column_2_5 et_block_column et_pb_css_mix_blend_mode_passthrough preset--module--divi-column--10aaea27-6b5d-4f29-bd7b-b4c09c865ad9\">\n<div class=\"et_pb_heading_1 et_pb_heading et_pb_module et_block_module preset--module--divi-heading--137d4019-cabd-4acf-a947-690e79b5df29\"><div class=\"et_pb_heading_container\"><h3 class=\"et_pb_module_header\">Komfortable Wohnr\u00e4ume<\/h3><\/div><\/div>\n\n<div class=\"et_pb_text_0 et_pb_text et_pb_bg_layout_light et_pb_module et_block_module preset--module--divi-text--70648b82-0449-4a7e-b62e-695e288eecb8\"><div class=\"et_pb_text_inner\"><p><span data-path-to-node=\"2,1\"><span class=\"citation-155\">Unsere Wohnr\u00e4umesind als R\u00fcckzugsort konzipiert und bieten eine Kombination aus Komfort und Funktionalit\u00e4t<\/span><\/span><span data-path-to-node=\"2,2\"><span class=\"citation-155 citation-end-155\"><source-footnote ng-version=\"0.0.0-PLACEHOLDER\" _nghost-ng-c1695504003=\"\"><\/source-footnote><\/span><\/span><span data-path-to-node=\"2,3\">. <\/span><span data-path-to-node=\"2,4\"><span class=\"citation-154\"><\/span><\/span><span data-path-to-node=\"2,5\"><span class=\"citation-154\">Entspannen Sie auf den Sofas am Kamin oder nutzen Sie das ger\u00e4umige Wohnzimmer f\u00fcr gemeinsame Aktivit\u00e4ten<\/span><\/span><span data-path-to-node=\"2,6\"><span class=\"citation-154 citation-end-154\"><source-footnote ng-version=\"0.0.0-PLACEHOLDER\" _nghost-ng-c1695504003=\"\"><\/source-footnote><\/span><\/span><span data-path-to-node=\"2,7\">. <\/span><span data-path-to-node=\"2,8\"><span class=\"citation-153\"><\/span><\/span><span data-path-to-node=\"2,9\"><span class=\"citation-153\">Alle Zimmer sind mit warmen Farben und dezenter Beleuchtung ausgestattet<\/span><\/span><span data-path-to-node=\"2,10\"><span class=\"citation-153 citation-end-153\"><source-footnote ng-version=\"0.0.0-PLACEHOLDER\" _nghost-ng-c1695504003=\"\"><\/source-footnote><\/span><\/span><span data-path-to-node=\"2,11\">.<\/span><\/p>\n<\/div><\/div>\n<\/div>\n\n<div class=\"et_pb_column_9 et_pb_column et_pb_column_3_5 et-last-child et_block_column et_pb_css_mix_blend_mode_passthrough\">\n<div class=\"et_pb_divider_0 et_pb_divider_hidden et_pb_space et_pb_divider_position_top et_pb_module preset--module--divi-divider--default\"><div class=\"et_pb_divider_internal\"><\/div><\/div>\n<\/div>\n<\/div>\n\n<div class=\"et_pb_row_4 et_pb_row et_pb_equal_columns et_pb_gutters2 et_block_row preset--module--divi-row--2929c11c-a2ed-4420-9738-daa1068942d3\">\n<div class=\"et_pb_column_10 et_pb_column et_pb_column_2_5 et_block_column et_pb_css_mix_blend_mode_passthrough preset--module--divi-column--160ab5fa-594f-4f37-baed-39841174acd0\">\n<div class=\"et_pb_heading_2 et_pb_heading et_pb_module et_block_module preset--module--divi-heading--137d4019-cabd-4acf-a947-690e79b5df29\"><div class=\"et_pb_heading_container\"><h3 class=\"et_pb_module_header\">Remote Arbeiten<\/h3><\/div><\/div>\n\n<div class=\"et_pb_text_1 et_pb_text et_pb_bg_layout_light et_pb_module et_block_module preset--module--divi-text--default\"><div class=\"et_pb_text_inner\"><p>Dank der Ausstattung unserer Apartments ist mobiles Arbeiten problemlos m\u00f6glich. Ein komfortabler Schreibtisch, schnelles WLAN und viel Tageslicht bieten Ihnen die ideale Umgebung, um konzentriert zu arbeiten, Telefonate zu f\u00fchren oder in neuer Atmosph\u00e4re kreativ zu werden.<\/p>\n<\/div><\/div>\n<\/div>\n\n<div class=\"et_pb_column_11 et_pb_column et_pb_column_3_5 et-last-child et_block_column et_pb_css_mix_blend_mode_passthrough\">\n<div class=\"et_pb_divider_1 et_pb_divider_hidden et_pb_space et_pb_divider_position_top et_pb_module preset--module--divi-divider--default\"><div class=\"et_pb_divider_internal\"><\/div><\/div>\n<\/div>\n<\/div>\n\n<div class=\"et_pb_row_5 et_pb_row et_pb_equal_columns et_pb_gutters2 et_block_row preset--module--divi-row--2929c11c-a2ed-4420-9738-daa1068942d3\">\n<div class=\"et_pb_column_12 et_pb_column et_pb_column_2_5 et_block_column et_pb_css_mix_blend_mode_passthrough preset--module--divi-column--160ab5fa-594f-4f37-baed-39841174acd0\">\n<div class=\"et_pb_heading_3 et_pb_heading et_pb_module et_block_module preset--module--divi-heading--137d4019-cabd-4acf-a947-690e79b5df29\"><div class=\"et_pb_heading_container\"><h3 class=\"et_pb_module_header\">Lage & Umgebung<\/h3><\/div><\/div>\n\n<div class=\"et_pb_text_2 et_pb_text et_pb_bg_layout_light et_pb_module et_block_module preset--module--divi-text--default\"><div class=\"et_pb_text_inner\"><p>Das Apartment liegt in Wien-Ottakring, einem lebendigen und gut angebundenen Stadtteil Wiens. Viele Ziele des t\u00e4glichen Lebens sowie \u00f6ffentliche Verkehrsmittel sind schnell erreichbar. \u00dcber die Karte k\u00f6nnen Sie den Standort direkt auf Google Maps \u00f6ffnen.<\/p>\n<\/div><\/div>\n\n<ul class=\"et_pb_icon_list_0 et_pb_icon_list et_pb_module et_flex_module\">\n<li class=\"et_pb_icon_list_item_0 et_pb_icon_list_item et_pb_module et_flex_module\"><span class=\"et-pb-icon\">Z<\/span><div class=\"et_pb_icon_list_text\">Adresse: Lienfeldergassse 34, 1160 Wien<\/div><\/li>\n\n<li class=\"et_pb_icon_list_item_1 et_pb_icon_list_item et_pb_module et_flex_module\"><span class=\"et-pb-icon\">Z<\/span><div class=\"et_pb_icon_list_text\">Umgebung: Einkaufsm\u00f6glichkeiten und Restaurants in der N\u00e4he<\/div><\/li>\n\n<li class=\"et_pb_icon_list_item_2 et_pb_icon_list_item et_pb_module et_flex_module\"><span class=\"et-pb-icon\">Z<\/span><div class=\"et_pb_icon_list_text\">Anbindung: U3 Ottakring, S45 Wien Ottakring sowie Bus- und Stra\u00dfenbahnverbindungen in wenigen Gehminuten erreichbar.<\/div><\/li>\n<\/ul>\n<\/div>\n\n<div class=\"et_pb_column_13 et_pb_column et_pb_column_3_5 et-last-child et_block_column et_pb_css_mix_blend_mode_passthrough\">\n<div class=\"et_pb_divider_2 et_pb_divider_hidden et_pb_space et_pb_divider_position_top et_pb_module preset--module--divi-divider--default\"><div class=\"et_pb_divider_internal\"><\/div><\/div>\n<\/div>\n<\/div>\n\n<div class=\"et_pb_row_6 et_pb_row et_block_row\">\n<div class=\"et_pb_column_14 et_pb_column et_pb_column_4_4 et-last-child et_block_column et_pb_css_mix_blend_mode_passthrough\">\n<div class=\"et_pb_module et_pb_button_module_wrapper et_pb_button_0_wrapper preset--module--divi-button--default_wrapper\"><a class=\"et_pb_button_0 et_pb_button et_pb_bg_layout_light et_pb_module et_block_module preset--module--divi-button--default\" href=\"https:\/\/ve.juq.cc\/en\/apartements\/\">Jetzt Buchen<\/a><\/div>\n<\/div>\n<\/div>\n<\/div>","protected":false},"excerpt":{"rendered":"","protected":false},"author":1,"featured_media":0,"parent":0,"menu_order":0,"comment_status":"closed","ping_status":"closed","template":"","meta":{"footnotes":""},"class_list":["post-18","page","type-page","status-publish","hentry"],"jetpack_sharing_enabled":true,"_links":{"self":[{"href":"https:\/\/ve.juq.cc\/en\/wp-json\/wp\/v2\/pages\/18","targetHints":{"allow":["GET"]}}],"collection":[{"href":"https:\/\/ve.juq.cc\/en\/wp-json\/wp\/v2\/pages"}],"about":[{"href":"https:\/\/ve.juq.cc\/en\/wp-json\/wp\/v2\/types\/page"}],"author":[{"embeddable":true,"href":"https:\/\/ve.juq.cc\/en\/wp-json\/wp\/v2\/users\/1"}],"replies":[{"embeddable":true,"href":"https:\/\/ve.juq.cc\/en\/wp-json\/wp\/v2\/comments?post=18"}],"version-history":[{"count":16,"href":"https:\/\/ve.juq.cc\/en\/wp-json\/wp\/v2\/pages\/18\/revisions"}],"predecessor-version":[{"id":1644,"href":"https:\/\/ve.juq.cc\/en\/wp-json\/wp\/v2\/pages\/18\/revisions\/1644"}],"wp:attachment":[{"href":"https:\/\/ve.juq.cc\/en\/wp-json\/wp\/v2\/media?parent=18"}],"curies":[{"name":"wp","href":"https:\/\/api.w.org\/{rel}","templated":true}]}}